{"id":1119,"date":"2018-05-04T17:57:55","date_gmt":"2018-05-04T15:57:55","guid":{"rendered":"http:\/\/test.13muz.eu\/?page_id=1119"},"modified":"2019-04-13T13:25:39","modified_gmt":"2019-04-13T11:25:39","slug":"koncerty","status":"publish","type":"page","link":"https:\/\/13muz.eu\/en\/zdjecia\/koncerty\/","title":{"rendered":"Koncerty"},"content":{"rendered":"\t<div class=\"ngg-albumoverview\">\n\t\t\t\t\t<div class=\"ngg-album-compact\">\n\t\t\t\t<div class=\"ngg-album-compactbox\">\n\t\t\t\t\t<div class=\"ngg-album-link\">\n\t\t\t\t\t\t\t\t\t\t\t\t\t<a title='Inspektor Jass na tropie, czyli jazz z histori\u0105 w tle - Jazz Cats' href='https:\/\/13muz.eu\/en\/zdjecia\/koncerty\/nggallery\/koncerty\/inspektor-jass-na-tropie-czyli-jazz-z-historia-w-tle-jazz-cats'>\n\t\t\t\t\t\t\t\t<img class=\"Thumb\"\n\t\t\t\t\t\t\t\t\talt=\"Inspektor Jass na tropie, czyli jazz z histori\u0105 w tle - Jazz Cats\"\n\t\t\t\t\t\t\t\t\tsrc=\"https:\/\/13muz.eu\/http%3A\/test.13muz.eu\/wp-content\/gallery\/inspektor-jass-na-tropie-czyli-jazz-z-historia-w-tle-jazz-cats\/cache\/20260504_RS_PA__1839.jpg-nggid0537515-ngg0dyn-238x158x100-00f0w010c011r110f110r010t010.jpg\"\/>\n\t\t\t\t\t\t\t<\/a>\n\t\t\t\t\t\t\t\t\t\t\t<\/div>\n\t\t\t\t<\/div>\n\t\t\t\t\t\t\t\t<h4>\n\t\t\t\t\t<a class='ngg-album-desc'\n\t\t\t\t\t\ttitle='Inspektor Jass na tropie, czyli jazz z histori\u0105 w tle - Jazz Cats' href='https:\/\/13muz.eu\/en\/zdjecia\/koncerty\/nggallery\/koncerty\/inspektor-jass-na-tropie-czyli-jazz-z-historia-w-tle-jazz-cats'style=\"max-width: 258px\"\t\t\t\t\t>\n\t\t\t\t\t\tInspektor Jass na tropie, czyli jazz z histori\u0105 w tle - Jazz Cats\t\t\t\t\t<\/a>\n\t\t\t\t<\/h4>\n\t\t\t\t<p class=\"ngg-album-gallery-image-counter\">\n\t\t\t\t\t\t\t\t\t\t\t<strong>42<\/strong>&nbsp;Photos\t\t\t\t\t\t\t\t\t<\/p>\n\t\t\t<\/div>\n\t\t\t\t\t<div class=\"ngg-album-compact\">\n\t\t\t\t<div class=\"ngg-album-compactbox\">\n\t\t\t\t\t<div class=\"ngg-album-link\">\n\t\t\t\t\t\t\t\t\t\t\t\t\t<a title='Szczeci\u0144ska Trzynastka - orkiestra d\u0119ta DK 13 Muz' href='https:\/\/13muz.eu\/en\/zdjecia\/koncerty\/nggallery\/koncerty\/szczecinska-trzynastka-orkiestra-deta-dk-13-muz-8'>\n\t\t\t\t\t\t\t\t<img class=\"Thumb\"\n\t\t\t\t\t\t\t\t\talt=\"Szczeci\u0144ska Trzynastka - orkiestra d\u0119ta DK 13 Muz\"\n\t\t\t\t\t\t\t\t\tsrc=\"https:\/\/13muz.eu\/http%3A\/test.13muz.eu\/wp-content\/gallery\/szczecinska-trzynastka-orkiestra-deta-dk-13-muz-1\/cache\/20260421_RS_ROBS0105.jpg-nggid0537407-ngg0dyn-238x158x100-00f0w010c011r110f110r010t010.jpg\"\/>\n\t\t\t\t\t\t\t<\/a>\n\t\t\t\t\t\t\t\t\t\t\t<\/div>\n\t\t\t\t<\/div>\n\t\t\t\t\t\t\t\t<h4>\n\t\t\t\t\t<a class='ngg-album-desc'\n\t\t\t\t\t\ttitle='Szczeci\u0144ska Trzynastka - orkiestra d\u0119ta DK 13 Muz' href='https:\/\/13muz.eu\/en\/zdjecia\/koncerty\/nggallery\/koncerty\/szczecinska-trzynastka-orkiestra-deta-dk-13-muz-8'style=\"max-width: 258px\"\t\t\t\t\t>\n\t\t\t\t\t\tSzczeci\u0144ska Trzynastka - orkiestra d\u0119ta DK 13 Muz\t\t\t\t\t<\/a>\n\t\t\t\t<\/h4>\n\t\t\t\t<p class=\"ngg-album-gallery-image-counter\">\n\t\t\t\t\t\t\t\t\t\t\t<strong>55<\/strong>&nbsp;Photos\t\t\t\t\t\t\t\t\t<\/p>\n\t\t\t<\/div>\n\t\t\t\t\t<div class=\"ngg-album-compact\">\n\t\t\t\t<div class=\"ngg-album-compactbox\">\n\t\t\t\t\t<div class=\"ngg-album-link\">\n\t\t\t\t\t\t\t\t\t\t\t\t\t<a title='Gruba Ryba feat. Maciej Podsiad\u0142o i go\u015bcie - Christian Metal Machine' href='https:\/\/13muz.eu\/en\/zdjecia\/koncerty\/nggallery\/koncerty\/gruba-ryba-feat-maciej-podsiadlo-i-goscie-christian-metal-machine'>\n\t\t\t\t\t\t\t\t<img class=\"Thumb\"\n\t\t\t\t\t\t\t\t\talt=\"Gruba Ryba feat. Maciej Podsiad\u0142o i go\u015bcie - Christian Metal Machine\"\n\t\t\t\t\t\t\t\t\tsrc=\"https:\/\/13muz.eu\/http%3A\/test.13muz.eu\/wp-content\/gallery\/gruba-ryba-feat-maciej-podsiadlo-i-goscie-christian-metal-machine\/cache\/20260420_RS_ROBS1172.jpg-nggid0537330-ngg0dyn-238x158x100-00f0w010c011r110f110r010t010.jpg\"\/>\n\t\t\t\t\t\t\t<\/a>\n\t\t\t\t\t\t\t\t\t\t\t<\/div>\n\t\t\t\t<\/div>\n\t\t\t\t\t\t\t\t<h4>\n\t\t\t\t\t<a class='ngg-album-desc'\n\t\t\t\t\t\ttitle='Gruba Ryba feat. Maciej Podsiad\u0142o i go\u015bcie - Christian Metal Machine' href='https:\/\/13muz.eu\/en\/zdjecia\/koncerty\/nggallery\/koncerty\/gruba-ryba-feat-maciej-podsiadlo-i-goscie-christian-metal-machine'style=\"max-width: 258px\"\t\t\t\t\t>\n\t\t\t\t\t\tGruba Ryba feat. Maciej Podsiad\u0142o i go\u015bcie - Christian Metal Machine\t\t\t\t\t<\/a>\n\t\t\t\t<\/h4>\n\t\t\t\t<p class=\"ngg-album-gallery-image-counter\">\n\t\t\t\t\t\t\t\t\t\t\t<strong>50<\/strong>&nbsp;Photos\t\t\t\t\t\t\t\t\t<\/p>\n\t\t\t<\/div>\n\t\t\t\t\t<div class=\"ngg-album-compact\">\n\t\t\t\t<div class=\"ngg-album-compactbox\">\n\t\t\t\t\t<div class=\"ngg-album-link\">\n\t\t\t\t\t\t\t\t\t\t\t\t\t<a title='Inspektor Jass na tropie, czyli jazz z histori\u0105 w tle - Jazz Waves' href='https:\/\/13muz.eu\/en\/zdjecia\/koncerty\/nggallery\/koncerty\/inspektor-jass-na-tropie-czyli-jazz-z-historia-w-tle-jazz-waves'>\n\t\t\t\t\t\t\t\t<img class=\"Thumb\"\n\t\t\t\t\t\t\t\t\talt=\"Inspektor Jass na tropie, czyli jazz z histori\u0105 w tle - Jazz Waves\"\n\t\t\t\t\t\t\t\t\tsrc=\"https:\/\/13muz.eu\/http%3A\/test.13muz.eu\/wp-content\/gallery\/inspektor-jass-na-tropie-czyli-jazz-z-historia-w-tle-jazz-waves\/cache\/20260413_RS_ROBS3826.jpg-nggid0537248-ngg0dyn-238x158x100-00f0w010c011r110f110r010t010.jpg\"\/>\n\t\t\t\t\t\t\t<\/a>\n\t\t\t\t\t\t\t\t\t\t\t<\/div>\n\t\t\t\t<\/div>\n\t\t\t\t\t\t\t\t<h4>\n\t\t\t\t\t<a class='ngg-album-desc'\n\t\t\t\t\t\ttitle='Inspektor Jass na tropie, czyli jazz z histori\u0105 w tle - Jazz Waves' href='https:\/\/13muz.eu\/en\/zdjecia\/koncerty\/nggallery\/koncerty\/inspektor-jass-na-tropie-czyli-jazz-z-historia-w-tle-jazz-waves'style=\"max-width: 258px\"\t\t\t\t\t>\n\t\t\t\t\t\tInspektor Jass na tropie, czyli jazz z histori\u0105 w tle - Jazz Waves\t\t\t\t\t<\/a>\n\t\t\t\t<\/h4>\n\t\t\t\t<p class=\"ngg-album-gallery-image-counter\">\n\t\t\t\t\t\t\t\t\t\t\t<strong>65<\/strong>&nbsp;Photos\t\t\t\t\t\t\t\t\t<\/p>\n\t\t\t<\/div>\n\t\t\t\t\t<div class=\"ngg-album-compact\">\n\t\t\t\t<div class=\"ngg-album-compactbox\">\n\t\t\t\t\t<div class=\"ngg-album-link\">\n\t\t\t\t\t\t\t\t\t\t\t\t\t<a title='Szczeci\u0144skie Wierszogranie - Krzysztof Jurkiel Jurkiewicz' href='https:\/\/13muz.eu\/en\/zdjecia\/koncerty\/nggallery\/koncerty\/szczecinskie-wierszogranie-krzysztof-jurkiel-jurkiewicz'>\n\t\t\t\t\t\t\t\t<img class=\"Thumb\"\n\t\t\t\t\t\t\t\t\talt=\"Szczeci\u0144skie Wierszogranie - Krzysztof Jurkiel Jurkiewicz\"\n\t\t\t\t\t\t\t\t\tsrc=\"https:\/\/13muz.eu\/http%3A\/test.13muz.eu\/wp-content\/gallery\/szczecinskie-wierszogranie-krzysztof-jurkiel-jurkiewicz\/cache\/20260323_RS_ROBS2806.jpg-nggid0537072-ngg0dyn-238x158x100-00f0w010c011r110f110r010t010.jpg\"\/>\n\t\t\t\t\t\t\t<\/a>\n\t\t\t\t\t\t\t\t\t\t\t<\/div>\n\t\t\t\t<\/div>\n\t\t\t\t\t\t\t\t<h4>\n\t\t\t\t\t<a class='ngg-album-desc'\n\t\t\t\t\t\ttitle='Szczeci\u0144skie Wierszogranie - Krzysztof Jurkiel Jurkiewicz' href='https:\/\/13muz.eu\/en\/zdjecia\/koncerty\/nggallery\/koncerty\/szczecinskie-wierszogranie-krzysztof-jurkiel-jurkiewicz'style=\"max-width: 258px\"\t\t\t\t\t>\n\t\t\t\t\t\tSzczeci\u0144skie Wierszogranie - Krzysztof Jurkiel Jurkiewicz\t\t\t\t\t<\/a>\n\t\t\t\t<\/h4>\n\t\t\t\t<p class=\"ngg-album-gallery-image-counter\">\n\t\t\t\t\t\t\t\t\t\t\t<strong>40<\/strong>&nbsp;Photos\t\t\t\t\t\t\t\t\t<\/p>\n\t\t\t<\/div>\n\t\t\t\t\t<div class=\"ngg-album-compact\">\n\t\t\t\t<div class=\"ngg-album-compactbox\">\n\t\t\t\t\t<div class=\"ngg-album-link\">\n\t\t\t\t\t\t\t\t\t\t\t\t\t<a title='Marta robi sceny koncertowo, czyli Recital Piosenki Popularnej na wiosn\u0119' href='https:\/\/13muz.eu\/en\/zdjecia\/koncerty\/nggallery\/koncerty\/marta-robi-sceny-koncertowo-czyli-recital-piosenki-popularnej-na-wiosne'>\n\t\t\t\t\t\t\t\t<img class=\"Thumb\"\n\t\t\t\t\t\t\t\t\talt=\"Marta robi sceny koncertowo, czyli Recital Piosenki Popularnej na wiosn\u0119\"\n\t\t\t\t\t\t\t\t\tsrc=\"https:\/\/13muz.eu\/http%3A\/test.13muz.eu\/wp-content\/gallery\/marta-robi-sceny-koncertowo-czyli-recital-piosenki-popularnej-na-wiosne\/cache\/20260314_RS_ROBS2252.jpg-nggid0537045-ngg0dyn-238x158x100-00f0w010c011r110f110r010t010.jpg\"\/>\n\t\t\t\t\t\t\t<\/a>\n\t\t\t\t\t\t\t\t\t\t\t<\/div>\n\t\t\t\t<\/div>\n\t\t\t\t\t\t\t\t<h4>\n\t\t\t\t\t<a class='ngg-album-desc'\n\t\t\t\t\t\ttitle='Marta robi sceny koncertowo, czyli Recital Piosenki Popularnej na wiosn\u0119' href='https:\/\/13muz.eu\/en\/zdjecia\/koncerty\/nggallery\/koncerty\/marta-robi-sceny-koncertowo-czyli-recital-piosenki-popularnej-na-wiosne'style=\"max-width: 258px\"\t\t\t\t\t>\n\t\t\t\t\t\tMarta robi sceny koncertowo, czyli Recital Piosenki Popularnej na wiosn\u0119\t\t\t\t\t<\/a>\n\t\t\t\t<\/h4>\n\t\t\t\t<p class=\"ngg-album-gallery-image-counter\">\n\t\t\t\t\t\t\t\t\t\t\t<strong>40<\/strong>&nbsp;Photos\t\t\t\t\t\t\t\t\t<\/p>\n\t\t\t<\/div>\n\t\t\t\t\t<div class=\"ngg-album-compact\">\n\t\t\t\t<div class=\"ngg-album-compactbox\">\n\t\t\t\t\t<div class=\"ngg-album-link\">\n\t\t\t\t\t\t\t\t\t\t\t\t\t<a title='Duet BAiKA (Banach i Kafi) - koncert trasy Czas ko\u0144ca z\u0142udze\u0144' href='https:\/\/13muz.eu\/en\/zdjecia\/koncerty\/nggallery\/koncerty\/duet-baika-banach-i-kafi-koncert-trasy-czas-konca-zludzen'>\n\t\t\t\t\t\t\t\t<img class=\"Thumb\"\n\t\t\t\t\t\t\t\t\talt=\"Duet BAiKA (Banach i Kafi) - koncert trasy Czas ko\u0144ca z\u0142udze\u0144\"\n\t\t\t\t\t\t\t\t\tsrc=\"https:\/\/13muz.eu\/http%3A\/test.13muz.eu\/wp-content\/gallery\/duet-baika-banach-i-kafi-koncert-trasy-czas-konca-zludzen\/cache\/20260312_RS_ROBS0446.jpg-nggid0536902-ngg0dyn-238x158x100-00f0w010c011r110f110r010t010.jpg\"\/>\n\t\t\t\t\t\t\t<\/a>\n\t\t\t\t\t\t\t\t\t\t\t<\/div>\n\t\t\t\t<\/div>\n\t\t\t\t\t\t\t\t<h4>\n\t\t\t\t\t<a class='ngg-album-desc'\n\t\t\t\t\t\ttitle='Duet BAiKA (Banach i Kafi) - koncert trasy Czas ko\u0144ca z\u0142udze\u0144' href='https:\/\/13muz.eu\/en\/zdjecia\/koncerty\/nggallery\/koncerty\/duet-baika-banach-i-kafi-koncert-trasy-czas-konca-zludzen'style=\"max-width: 258px\"\t\t\t\t\t>\n\t\t\t\t\t\tDuet BAiKA (Banach i Kafi) - koncert trasy Czas ko\u0144ca z\u0142udze\u0144\t\t\t\t\t<\/a>\n\t\t\t\t<\/h4>\n\t\t\t\t<p class=\"ngg-album-gallery-image-counter\">\n\t\t\t\t\t\t\t\t\t\t\t<strong>50<\/strong>&nbsp;Photos\t\t\t\t\t\t\t\t\t<\/p>\n\t\t\t<\/div>\n\t\t\t\t\t<div class=\"ngg-album-compact\">\n\t\t\t\t<div class=\"ngg-album-compactbox\">\n\t\t\t\t\t<div class=\"ngg-album-link\">\n\t\t\t\t\t\t\t\t\t\t\t\t\t<a title='Inspektor Jass na tropie, czyli jazz z histori\u0105 w tle - Sing It!' href='https:\/\/13muz.eu\/en\/zdjecia\/koncerty\/nggallery\/koncerty\/inspektor-jass-na-tropie-czyli-jazz-z-historia-w-tle-sing-it'>\n\t\t\t\t\t\t\t\t<img class=\"Thumb\"\n\t\t\t\t\t\t\t\t\talt=\"Inspektor Jass na tropie, czyli jazz z histori\u0105 w tle - Sing It!\"\n\t\t\t\t\t\t\t\t\tsrc=\"https:\/\/13muz.eu\/http%3A\/test.13muz.eu\/wp-content\/gallery\/inspektor-jass-na-tropie-czyli-jazz-z-historia-w-tle-sing-it\/cache\/20260302_RS_ROBS8499.jpg-nggid0536708-ngg0dyn-238x158x100-00f0w010c011r110f110r010t010.jpg\"\/>\n\t\t\t\t\t\t\t<\/a>\n\t\t\t\t\t\t\t\t\t\t\t<\/div>\n\t\t\t\t<\/div>\n\t\t\t\t\t\t\t\t<h4>\n\t\t\t\t\t<a class='ngg-album-desc'\n\t\t\t\t\t\ttitle='Inspektor Jass na tropie, czyli jazz z histori\u0105 w tle - Sing It!' href='https:\/\/13muz.eu\/en\/zdjecia\/koncerty\/nggallery\/koncerty\/inspektor-jass-na-tropie-czyli-jazz-z-historia-w-tle-sing-it'style=\"max-width: 258px\"\t\t\t\t\t>\n\t\t\t\t\t\tInspektor Jass na tropie, czyli jazz z histori\u0105 w tle - Sing It!\t\t\t\t\t<\/a>\n\t\t\t\t<\/h4>\n\t\t\t\t<p class=\"ngg-album-gallery-image-counter\">\n\t\t\t\t\t\t\t\t\t\t\t<strong>60<\/strong>&nbsp;Photos\t\t\t\t\t\t\t\t\t<\/p>\n\t\t\t<\/div>\n\t\t\t\t\t<div class=\"ngg-album-compact\">\n\t\t\t\t<div class=\"ngg-album-compactbox\">\n\t\t\t\t\t<div class=\"ngg-album-link\">\n\t\t\t\t\t\t\t\t\t\t\t\t\t<a title='Szczeci\u0144skie Wierszogranie - Piotr Wo\u017aniak \u015bpiewa Tadeusza' href='https:\/\/13muz.eu\/en\/zdjecia\/koncerty\/nggallery\/koncerty\/szczecinskie-wierszogranie-piotr-wozniak-spiewa-tadeusza'>\n\t\t\t\t\t\t\t\t<img class=\"Thumb\"\n\t\t\t\t\t\t\t\t\talt=\"Szczeci\u0144skie Wierszogranie - Piotr Wo\u017aniak \u015bpiewa Tadeusza\"\n\t\t\t\t\t\t\t\t\tsrc=\"https:\/\/13muz.eu\/http%3A\/test.13muz.eu\/wp-content\/gallery\/szczecinskie-wierszogranie-piotr-wozniak-spiewa-tadeusza\/cache\/20260223_RS_ROBS0914.jpg-nggid0536611-ngg0dyn-238x158x100-00f0w010c011r110f110r010t010.jpg\"\/>\n\t\t\t\t\t\t\t<\/a>\n\t\t\t\t\t\t\t\t\t\t\t<\/div>\n\t\t\t\t<\/div>\n\t\t\t\t\t\t\t\t<h4>\n\t\t\t\t\t<a class='ngg-album-desc'\n\t\t\t\t\t\ttitle='Szczeci\u0144skie Wierszogranie - Piotr Wo\u017aniak \u015bpiewa Tadeusza' href='https:\/\/13muz.eu\/en\/zdjecia\/koncerty\/nggallery\/koncerty\/szczecinskie-wierszogranie-piotr-wozniak-spiewa-tadeusza'style=\"max-width: 258px\"\t\t\t\t\t>\n\t\t\t\t\t\tSzczeci\u0144skie Wierszogranie - Piotr Wo\u017aniak \u015bpiewa Tadeusza\t\t\t\t\t<\/a>\n\t\t\t\t<\/h4>\n\t\t\t\t<p class=\"ngg-album-gallery-image-counter\">\n\t\t\t\t\t\t\t\t\t\t\t<strong>40<\/strong>&nbsp;Photos\t\t\t\t\t\t\t\t\t<\/p>\n\t\t\t<\/div>\n\t\t\t\t\t<div class=\"ngg-album-compact\">\n\t\t\t\t<div class=\"ngg-album-compactbox\">\n\t\t\t\t\t<div class=\"ngg-album-link\">\n\t\t\t\t\t\t\t\t\t\t\t\t\t<a title='Basia Kawa - Koncert Walentynkowy' href='https:\/\/13muz.eu\/en\/zdjecia\/koncerty\/nggallery\/koncerty\/basia-kawa-koncert-walentynkowy'>\n\t\t\t\t\t\t\t\t<img class=\"Thumb\"\n\t\t\t\t\t\t\t\t\talt=\"Basia Kawa - Koncert Walentynkowy\"\n\t\t\t\t\t\t\t\t\tsrc=\"https:\/\/13muz.eu\/http%3A\/test.13muz.eu\/wp-content\/gallery\/basia-kawa-koncert-walentynkowy\/cache\/20260215_RS_ROBS1078.jpg-nggid0536495-ngg0dyn-238x158x100-00f0w010c011r110f110r010t010.jpg\"\/>\n\t\t\t\t\t\t\t<\/a>\n\t\t\t\t\t\t\t\t\t\t\t<\/div>\n\t\t\t\t<\/div>\n\t\t\t\t\t\t\t\t<h4>\n\t\t\t\t\t<a class='ngg-album-desc'\n\t\t\t\t\t\ttitle='Basia Kawa - Koncert Walentynkowy' href='https:\/\/13muz.eu\/en\/zdjecia\/koncerty\/nggallery\/koncerty\/basia-kawa-koncert-walentynkowy'style=\"max-width: 258px\"\t\t\t\t\t>\n\t\t\t\t\t\tBasia Kawa - Koncert Walentynkowy\t\t\t\t\t<\/a>\n\t\t\t\t<\/h4>\n\t\t\t\t<p class=\"ngg-album-gallery-image-counter\">\n\t\t\t\t\t\t\t\t\t\t\t<strong>55<\/strong>&nbsp;Photos\t\t\t\t\t\t\t\t\t<\/p>\n\t\t\t<\/div>\n\t\t\t\t\t<div class=\"ngg-album-compact\">\n\t\t\t\t<div class=\"ngg-album-compactbox\">\n\t\t\t\t\t<div class=\"ngg-album-link\">\n\t\t\t\t\t\t\t\t\t\t\t\t\t<a title='Kashia Vega - Bogini Wody - artystyczny rytua\u0142' href='https:\/\/13muz.eu\/en\/zdjecia\/koncerty\/nggallery\/koncerty\/kashia-vega-bogini-wody-artystyczny-rytual'>\n\t\t\t\t\t\t\t\t<img class=\"Thumb\"\n\t\t\t\t\t\t\t\t\talt=\"Kashia Vega - Bogini Wody - artystyczny rytua\u0142\"\n\t\t\t\t\t\t\t\t\tsrc=\"https:\/\/13muz.eu\/http%3A\/test.13muz.eu\/wp-content\/gallery\/kashia-vega-bogini-wody-artystyczny-rytual\/cache\/20260204_RS_ROBS6517.jpg-nggid0536428-ngg0dyn-238x158x100-00f0w010c011r110f110r010t010.jpg\"\/>\n\t\t\t\t\t\t\t<\/a>\n\t\t\t\t\t\t\t\t\t\t\t<\/div>\n\t\t\t\t<\/div>\n\t\t\t\t\t\t\t\t<h4>\n\t\t\t\t\t<a class='ngg-album-desc'\n\t\t\t\t\t\ttitle='Kashia Vega - Bogini Wody - artystyczny rytua\u0142' href='https:\/\/13muz.eu\/en\/zdjecia\/koncerty\/nggallery\/koncerty\/kashia-vega-bogini-wody-artystyczny-rytual'style=\"max-width: 258px\"\t\t\t\t\t>\n\t\t\t\t\t\tKashia Vega - Bogini Wody - artystyczny rytua\u0142\t\t\t\t\t<\/a>\n\t\t\t\t<\/h4>\n\t\t\t\t<p class=\"ngg-album-gallery-image-counter\">\n\t\t\t\t\t\t\t\t\t\t\t<strong>44<\/strong>&nbsp;Photos\t\t\t\t\t\t\t\t\t<\/p>\n\t\t\t<\/div>\n\t\t\t\t\t<div class=\"ngg-album-compact\">\n\t\t\t\t<div class=\"ngg-album-compactbox\">\n\t\t\t\t\t<div class=\"ngg-album-link\">\n\t\t\t\t\t\t\t\t\t\t\t\t\t<a title='Inspektor Jass na tropie, czyli jazz z histori\u0105 w tle - 9. urodziny - Jazz Gumbo' href='https:\/\/13muz.eu\/en\/zdjecia\/koncerty\/nggallery\/koncerty\/inspektor-jass-na-tropie-czyli-jazz-z-historia-w-tle-9-urodziny-jazz-gumbo'>\n\t\t\t\t\t\t\t\t<img class=\"Thumb\"\n\t\t\t\t\t\t\t\t\talt=\"Inspektor Jass na tropie, czyli jazz z histori\u0105 w tle - 9. urodziny - Jazz Gumbo\"\n\t\t\t\t\t\t\t\t\tsrc=\"https:\/\/13muz.eu\/http%3A\/test.13muz.eu\/wp-content\/gallery\/inspektor-jass-na-tropie-czyli-jazz-z-historia-w-tle-9-urodziny-jazz-gumbo\/cache\/20260202_RS_ROBS5554.jpg-nggid0536334-ngg0dyn-238x158x100-00f0w010c011r110f110r010t010.jpg\"\/>\n\t\t\t\t\t\t\t<\/a>\n\t\t\t\t\t\t\t\t\t\t\t<\/div>\n\t\t\t\t<\/div>\n\t\t\t\t\t\t\t\t<h4>\n\t\t\t\t\t<a class='ngg-album-desc'\n\t\t\t\t\t\ttitle='Inspektor Jass na tropie, czyli jazz z histori\u0105 w tle - 9. urodziny - Jazz Gumbo' href='https:\/\/13muz.eu\/en\/zdjecia\/koncerty\/nggallery\/koncerty\/inspektor-jass-na-tropie-czyli-jazz-z-historia-w-tle-9-urodziny-jazz-gumbo'style=\"max-width: 258px\"\t\t\t\t\t>\n\t\t\t\t\t\tInspektor Jass na tropie, czyli jazz z histori\u0105 w tle - 9. urodziny - Jazz Gumbo\t\t\t\t\t<\/a>\n\t\t\t\t<\/h4>\n\t\t\t\t<p class=\"ngg-album-gallery-image-counter\">\n\t\t\t\t\t\t\t\t\t\t\t<strong>65<\/strong>&nbsp;Photos\t\t\t\t\t\t\t\t\t<\/p>\n\t\t\t<\/div>\n\t\t\t\t<br class=\"ngg-clear\"\/>\n\t\t<div class='ngg-navigation'><span class='current'>1<\/span>\n<a class='page-numbers' data-pageid='2' href='https:\/\/13muz.eu\/en\/zdjecia\/koncerty\/nggallery\/page\/2'>2<\/a>\n<span class='ellipsis'>...<\/span>\n<a class='page-numbers' data-pageid='27' href='https:\/\/13muz.eu\/en\/zdjecia\/koncerty\/nggallery\/page\/27'>27<\/a>\n<a class='prev' href='https:\/\/13muz.eu\/en\/zdjecia\/koncerty\/nggallery\/page\/2' data-pageid=2>&#9658;<\/a><\/div>\t<\/div>\n\n","protected":false},"excerpt":{"rendered":"","protected":false},"author":1,"featured_media":0,"parent":111,"menu_order":0,"comment_status":"closed","ping_status":"closed","template":"","meta":{"ngg_post_thumbnail":0,"_price":"","_stock":"","_tribe_ticket_header":"","_tribe_default_ticket_provider":"","_ticket_start_date":"","_ticket_end_date":"","_tribe_ticket_show_description":"","_tribe_ticket_show_not_going":false,"_tribe_ticket_use_global_stock":"","_tribe_ticket_global_stock_level":"","_global_stock_mode":"","_global_stock_cap":"","_tribe_rsvp_for_event":"","_tribe_ticket_going_count":"","_tribe_ticket_not_going_count":"","_tribe_tickets_list":"[]","_tribe_ticket_has_attendee_info_fields":false,"footnotes":"","_tec_slr_enabled":"","_tec_slr_layout":""},"class_list":["post-1119","page","type-page","status-publish","hentry"],"ticketed":false,"post_mailing_queue_ids":[],"_links":{"self":[{"href":"https:\/\/13muz.eu\/en\/wp-json\/wp\/v2\/pages\/1119","targetHints":{"allow":["GET"]}}],"collection":[{"href":"https:\/\/13muz.eu\/en\/wp-json\/wp\/v2\/pages"}],"about":[{"href":"https:\/\/13muz.eu\/en\/wp-json\/wp\/v2\/types\/page"}],"author":[{"embeddable":true,"href":"https:\/\/13muz.eu\/en\/wp-json\/wp\/v2\/users\/1"}],"replies":[{"embeddable":true,"href":"https:\/\/13muz.eu\/en\/wp-json\/wp\/v2\/comments?post=1119"}],"version-history":[{"count":0,"href":"https:\/\/13muz.eu\/en\/wp-json\/wp\/v2\/pages\/1119\/revisions"}],"up":[{"embeddable":true,"href":"https:\/\/13muz.eu\/en\/wp-json\/wp\/v2\/pages\/111"}],"wp:attachment":[{"href":"https:\/\/13muz.eu\/en\/wp-json\/wp\/v2\/media?parent=1119"}],"curies":[{"name":"wp","href":"https:\/\/api.w.org\/{rel}","templated":true}]}}